{"id":51,"date":"2018-08-10T14:14:30","date_gmt":"2018-08-10T14:14:30","guid":{"rendered":"http:\/\/localhost\/stein\/?page_id=51"},"modified":"2018-09-07T16:37:06","modified_gmt":"2018-09-07T16:37:06","slug":"asesoria","status":"publish","type":"page","link":"https:\/\/www.stein.cl\/index.php\/servicios\/asesoria\/","title":{"rendered":"Asesor\u00eda"},"content":{"rendered":"<section class=\"sasesoria\">\n<div class=\"fullimgbg1\">\n<div class=\"opacioverimg\">\n<div class=\"title\">\n<h1 class=\"s1\">Asesor\u00eda<\/h1>\n<\/div>\n<div class=\"d-flex justify-content-center\">\n<div class=\"col-sm-7 \">\n<div class=\"innasesoria\">\n<p>En una sociedad de consumo cada vez m\u00e1s diversa, globalizada y altamente competitiva, el comercio exterior resulta fundamental en las relaciones internacionales de cualquier pa\u00eds, y particularmente en el caso de Chile, con una fuerte inserci\u00f3n en la industria e importantes Tratados de Libre Comercio y Acuerdos Internacionales, le otorgan a la Agencia de Aduanas un rol verdaderamente clave como asesor integral.<\/p>\n<p>Y Stein, al estar a la altura de los desaf\u00edos de una industria en constante evoluci\u00f3n, le otorgan a nuestra gesti\u00f3n ese fuerte componente asesor que le agrega valor a la relaci\u00f3n con cada uno nuestros clientes, construyendo verdaderas relaciones de trabajo, y tambi\u00e9n de confianza, a trav\u00e9s del tiempo.<\/p>\n<\/div>\n<\/div>\n<\/div>\n<\/div>\n<\/div>\n<\/section>\n","protected":false},"excerpt":{"rendered":"<p>Asesor\u00eda En una sociedad de consumo cada vez m\u00e1s diversa, globalizada y altamente competitiva, el comercio exterior resulta fundamental en las relaciones internacionales de cualquier pa\u00eds, y particularmente en el caso de Chile, con una fuerte inserci\u00f3n en la industria e importantes Tratados de Libre Comercio y Acuerdos Internacionales, le otorgan a la Agencia de [&hellip;]<\/p>\n","protected":false},"author":1,"featured_media":0,"parent":41,"menu_order":0,"comment_status":"closed","ping_status":"closed","template":"","meta":{"_acf_changed":false,"footnotes":""},"acf":[],"_links":{"self":[{"href":"https:\/\/www.stein.cl\/index.php\/wp-json\/wp\/v2\/pages\/51"}],"collection":[{"href":"https:\/\/www.stein.cl\/index.php\/wp-json\/wp\/v2\/pages"}],"about":[{"href":"https:\/\/www.stein.cl\/index.php\/wp-json\/wp\/v2\/types\/page"}],"author":[{"embeddable":true,"href":"https:\/\/www.stein.cl\/index.php\/wp-json\/wp\/v2\/users\/1"}],"replies":[{"embeddable":true,"href":"https:\/\/www.stein.cl\/index.php\/wp-json\/wp\/v2\/comments?post=51"}],"version-history":[{"count":3,"href":"https:\/\/www.stein.cl\/index.php\/wp-json\/wp\/v2\/pages\/51\/revisions"}],"predecessor-version":[{"id":127,"href":"https:\/\/www.stein.cl\/index.php\/wp-json\/wp\/v2\/pages\/51\/revisions\/127"}],"up":[{"embeddable":true,"href":"https:\/\/www.stein.cl\/index.php\/wp-json\/wp\/v2\/pages\/41"}],"wp:attachment":[{"href":"https:\/\/www.stein.cl\/index.php\/wp-json\/wp\/v2\/media?parent=51"}],"curies":[{"name":"wp","href":"https:\/\/api.w.org\/{rel}","templated":true}]}}