{"id":43,"date":"2018-08-10T14:13:32","date_gmt":"2018-08-10T14:13:32","guid":{"rendered":"http:\/\/localhost\/stein\/?page_id=43"},"modified":"2026-03-25T12:29:22","modified_gmt":"2026-03-25T16:29:22","slug":"sobre-nosotros","status":"publish","type":"page","link":"https:\/\/www.stein.cl\/index.php\/quienes-somos\/sobre-nosotros\/","title":{"rendered":"Sobre nosotros"},"content":{"rendered":"<div><\/div>\n<div>\n<p style=\"text-align: left;\"><span style=\"color: #333333; font-size: 14pt;\">Nuestra empresa naci\u00f3 en 1980 en Santiago de Chile, con el nombramiento de Jorge Stein como Agente de Aduanas.<\/span><\/p>\n<p style=\"text-align: left;\"><span style=\"color: #333333; font-size: 14pt;\">En 1989, junto con el nombramiento de Estanislao S\u00e1nchez como Agente de Aduanas, iniciamos esta sociedad bifamiliar que combina el pensamiento innovador con la excelencia operativa, logrando una mezcla perfecta para el crecimiento e impulso de <span style=\"color: #808080;\"><strong>Agencia de Aduanas Stein y Compa\u00f1\u00eda Ltda.<\/strong><\/span><\/span><\/p>\n<p style=\"text-align: left;\"><span style=\"color: #333333; font-size: 14pt;\">Desde el a\u00f1o 1995, implementamos nuestro<span style=\"color: #808080;\"> <strong>Sistema Log\u00edstico Integral (SLI)<\/strong>,<\/span> para el manejo de nuestra operaci\u00f3n interna y la visibilidad de informaci\u00f3n a nuestros clientes. Este sistema, que ha sido fortalecido y mejorado a lo largo de los a\u00f1os, se ha convertido en un diferenciador clave para nuestra Agencia.<\/span><\/p>\n<p style=\"text-align: left;\"><span style=\"color: #333333; font-size: 14pt;\">En 1997 realizamos una inversi\u00f3n significativa al construir un edificio corporativo de tres pisos en la comuna de Pudahuel, una ubicaci\u00f3n estrat\u00e9gica que facilita el acceso a los principales puertos y al Aeropuerto internacional de Santiago, a tan solo 10 minutos de distancia.<\/span><\/p>\n<p style=\"text-align: left;\"><span style=\"color: #333333; font-size: 14pt;\">Actualmente, contamos con un equipo de m\u00e1s de 300 personas distribuidas en nuestras sucursales y en las oficinas de nuestros clientes, lo que refleja nuestro continuo crecimiento y compromiso con la excelencia en el servicio. Estamos orgullosos de nuestros progresos y esperamos seguir creciendo y brindando soluciones log\u00edsticas de calidad a nuestros clientes.<\/span><\/p>\n<p style=\"text-align: left;\"><span style=\"color: #808080;\"><strong><span style=\"font-size: 14pt;\">La Sociedad la componen:<\/span><\/strong><\/span><\/p>\n<p style=\"text-align: left;\"><span style=\"color: #333333; font-size: 14pt;\">Jorge Stein B.<\/span><\/p>\n<p><span style=\"color: #333333; font-size: 14pt;\">Estanislao S\u00e1nchez G.<\/span><\/p>\n<p><span style=\"color: #333333; font-size: 14pt;\">Carolina S\u00e1nchez A.<\/span><\/p>\n<p style=\"text-align: left;\"><span style=\"color: #333333; font-size: 14pt;\">Alvaro Stein G. \u00a0 \u00a0 <\/span><\/p>\n<p style=\"text-align: left;\"><span style=\"color: #808080;\"><span style=\"color: #333333;\"><span style=\"font-size: 14pt;\">Karina Stein G.\u00a0 \u00a0 \u00a0<\/span> \u00a0 \u00a0<\/span> \u00a0 \u00a0 \u00a0 \u00a0 \u00a0 \u00a0 \u00a0 \u00a0 \u00a0 \u00a0 \u00a0 \u00a0<\/span><\/p>\n<\/div>\n<p><!--more--><\/p>\n<h1 class=\"s1\">Hitos<\/h1>\n<div id=\"hitos-box\" class=\"container cont1\">\n<p><img decoding=\"async\" class=\"img-responsive alignnone wp-image-340 size-full desktop\" src=\"http:\/\/www.stein.cl\/wp-content\/uploads\/2019\/04\/linea-tiempo-desktop.png\" alt=\"\" \/><br \/>\n<img decoding=\"async\" class=\"img-responsive alignnone wp-image-340 size-full mobile\" src=\"http:\/\/www.stein.cl\/wp-content\/uploads\/2019\/04\/linea-de-tiempo-mobile.png\" alt=\"\" \/><\/p>\n<p><!--[cool-timeline layout=\"simple\" animation=\"none\" date-format=\"Y\" icons=\"NO\" show-posts=\"20\" skin=\"clean\"]--><\/p>\n<\/div>\n","protected":false},"excerpt":{"rendered":"<p>Nuestra empresa naci\u00f3 en 1980 en Santiago de Chile, con el nombramiento de Jorge Stein como Agente de Aduanas. En 1989, junto con el nombramiento de Estanislao S\u00e1nchez como Agente de Aduanas, iniciamos esta sociedad bifamiliar que combina el pensamiento innovador con la excelencia operativa, logrando una mezcla perfecta para el crecimiento e impulso de [&hellip;]<\/p>\n","protected":false},"author":1,"featured_media":0,"parent":39,"menu_order":0,"comment_status":"closed","ping_status":"closed","template":"","meta":{"footnotes":""},"acf":[],"_links":{"self":[{"href":"https:\/\/www.stein.cl\/index.php\/wp-json\/wp\/v2\/pages\/43"}],"collection":[{"href":"https:\/\/www.stein.cl\/index.php\/wp-json\/wp\/v2\/pages"}],"about":[{"href":"https:\/\/www.stein.cl\/index.php\/wp-json\/wp\/v2\/types\/page"}],"author":[{"embeddable":true,"href":"https:\/\/www.stein.cl\/index.php\/wp-json\/wp\/v2\/users\/1"}],"replies":[{"embeddable":true,"href":"https:\/\/www.stein.cl\/index.php\/wp-json\/wp\/v2\/comments?post=43"}],"version-history":[{"count":36,"href":"https:\/\/www.stein.cl\/index.php\/wp-json\/wp\/v2\/pages\/43\/revisions"}],"predecessor-version":[{"id":2199,"href":"https:\/\/www.stein.cl\/index.php\/wp-json\/wp\/v2\/pages\/43\/revisions\/2199"}],"up":[{"embeddable":true,"href":"https:\/\/www.stein.cl\/index.php\/wp-json\/wp\/v2\/pages\/39"}],"wp:attachment":[{"href":"https:\/\/www.stein.cl\/index.php\/wp-json\/wp\/v2\/media?parent=43"}],"curies":[{"name":"wp","href":"https:\/\/api.w.org\/{rel}","templated":true}]}}