{"id":1657,"date":"2023-07-12T18:40:35","date_gmt":"2023-07-12T18:40:35","guid":{"rendered":"https:\/\/www.stein.cl\/?page_id=1657"},"modified":"2024-10-15T15:10:16","modified_gmt":"2024-10-15T19:10:16","slug":"certificaciones","status":"publish","type":"page","link":"https:\/\/www.stein.cl\/index.php\/quienes-somos\/certificaciones\/","title":{"rendered":"Certificaciones"},"content":{"rendered":"<div class=\"row\">\n<div class=\"col-md-4 d-flex\" style=\"flex-direction: column;\">\n<div><a href=\"https:\/\/www.sgs.com\/en\/certified-clients-and-products\" target=\"_blank\" rel=\"noopener\"><img loading=\"lazy\" decoding=\"async\" class=\"aligncenter wp-image-1545\" src=\"https:\/\/www.stein.cl\/wp-content\/uploads\/2023\/07\/sgc.png\" alt=\"https:\/\/www.stein.cl\/wp-content\/uploads\/2023\/07\/Politica-de-Calidad.pdf\" width=\"210\" height=\"205\" \/><\/a><\/div>\n<p style=\"text-align: center;\"><a href=\"https:\/\/www.stein.cl\/wp-content\/uploads\/2024\/10\/Politica-de-Calidad_Publicacion-Web_Oct2024_B_pdf.pdf\" target=\"_blank\" rel=\"noopener\"><span style=\"font-size: 20pt; color: #808080;\"><strong>ISO 9001:2015 <\/strong><\/span><\/a><\/p>\n<p style=\"text-align: center;\"><span style=\"font-size: 12pt; color: #808080;\">desde Noviembre 2003<\/span><\/p>\n<\/div>\n<div class=\"col-md-4 d-flex\" style=\"flex-direction: column;\">\n<div><a href=\"https:\/\/www.stein.cl\/wp-content\/uploads\/2023\/07\/Politica_de_Seguridad_OEA.pdf\" target=\"_blank\" rel=\"noopener\"><img loading=\"lazy\" decoding=\"async\" class=\"wp-image-1545 aligncenter\" src=\"https:\/\/www.stein.cl\/wp-content\/uploads\/2023\/07\/oea.png\" alt=\"\" width=\"256\" height=\"247\" \/><\/a><\/div>\n<p style=\"text-align: center;\"><span style=\"font-size: 20pt; color: #808080;\"><strong>Certificaci\u00f3n OEA<\/strong><\/span><\/p>\n<p style=\"text-align: center;\"><span style=\"font-size: 12pt; color: #808080;\"><span style=\"color: #808080;\">desde Diciembre 2018<\/span><\/span><\/p>\n<\/div>\n<div class=\"col-md-4 d-flex\" style=\"flex-direction: column;\">\n<div><a href=\"https:\/\/www.aduana.cl\/aduana\/site\/edic\/base\/port\/inicio.html\" target=\"_blank\" rel=\"noopener\"><img loading=\"lazy\" decoding=\"async\" class=\"wp-image-1777 aligncenter\" src=\"https:\/\/www.stein.cl\/wp-content\/uploads\/2024\/04\/aduana-300x135.jpg\" alt=\"\" width=\"320\" height=\"144\" srcset=\"https:\/\/www.stein.cl\/wp-content\/uploads\/2024\/04\/aduana-300x135.jpg 300w, https:\/\/www.stein.cl\/wp-content\/uploads\/2024\/04\/aduana-768x344.jpg 768w, https:\/\/www.stein.cl\/wp-content\/uploads\/2024\/04\/aduana.jpg 865w\" sizes=\"(max-width: 320px) 100vw, 320px\" \/><\/a><\/div>\n<p style=\"text-align: center;\"><span style=\"font-size: 20pt; color: #808080;\"><strong>Carpeta de Despacho Electr\u00f3nica (CDE)<\/strong><\/span><\/p>\n<p style=\"text-align: center;\"><span style=\"font-size: 12pt; color: #808080;\">Resoluci\u00f3n de Aduanas para poder operar<br \/>\nnuestros tr\u00e1mites aduaneros en forma digital.<\/span><\/p>\n<\/div>\n<\/div>\n","protected":false},"excerpt":{"rendered":"<p>ISO 9001:2015 desde Noviembre 2003 Certificaci\u00f3n OEA desde Diciembre 2018 Carpeta de Despacho Electr\u00f3nica (CDE) Resoluci\u00f3n de Aduanas para poder operar nuestros tr\u00e1mites aduaneros en forma digital.<\/p>\n","protected":false},"author":7,"featured_media":0,"parent":39,"menu_order":0,"comment_status":"closed","ping_status":"closed","template":"","meta":{"footnotes":""},"acf":[],"_links":{"self":[{"href":"https:\/\/www.stein.cl\/index.php\/wp-json\/wp\/v2\/pages\/1657"}],"collection":[{"href":"https:\/\/www.stein.cl\/index.php\/wp-json\/wp\/v2\/pages"}],"about":[{"href":"https:\/\/www.stein.cl\/index.php\/wp-json\/wp\/v2\/types\/page"}],"author":[{"embeddable":true,"href":"https:\/\/www.stein.cl\/index.php\/wp-json\/wp\/v2\/users\/7"}],"replies":[{"embeddable":true,"href":"https:\/\/www.stein.cl\/index.php\/wp-json\/wp\/v2\/comments?post=1657"}],"version-history":[{"count":40,"href":"https:\/\/www.stein.cl\/index.php\/wp-json\/wp\/v2\/pages\/1657\/revisions"}],"predecessor-version":[{"id":1894,"href":"https:\/\/www.stein.cl\/index.php\/wp-json\/wp\/v2\/pages\/1657\/revisions\/1894"}],"up":[{"embeddable":true,"href":"https:\/\/www.stein.cl\/index.php\/wp-json\/wp\/v2\/pages\/39"}],"wp:attachment":[{"href":"https:\/\/www.stein.cl\/index.php\/wp-json\/wp\/v2\/media?parent=1657"}],"curies":[{"name":"wp","href":"https:\/\/api.w.org\/{rel}","templated":true}]}}