{"id":136,"date":"2018-09-07T18:21:39","date_gmt":"2018-09-07T18:21:39","guid":{"rendered":"http:\/\/www.stein.cl\/?page_id=136"},"modified":"2024-04-08T21:46:01","modified_gmt":"2024-04-08T21:46:01","slug":"servicios-adicionales","status":"publish","type":"page","link":"https:\/\/www.stein.cl\/index.php\/servicios\/servicios-adicionales\/","title":{"rendered":"SERVICIOS ADICIONALES"},"content":{"rendered":"<section class=\"sasesoria sectioncomun1\">\n<div class=\"\">\n<div class=\"text-center\">\n<div class=\"row container mx-auto\">\n<div class=\"col-12 mx-3 mx-md-auto col-md-12\">\n<div id=\"accordion\" class=\"panel-group\">\n<div class=\"panel panel-default\">\n<div class=\"panel-heading\">\n<h4 class=\"panel-title collapsed\" href=\"#collapse1\" data-toggle=\"collapse\" aria-expanded=\"false\"><strong><span style=\"color: #808080;\">Devoluciones de derechos<\/span><\/strong><\/h4>\n<\/p><\/div>\n<div id=\"collapse1\" class=\"panel-collapse collapse\">\n<div class=\"panel-body\"><span style=\"color: #808080;\">Un equipo t\u00e9cnico-ejecutivo con dedicaci\u00f3n exclusiva asume esta tarea cumpliendo las normativas aduaneras de los distintos TLC y Acuerdos firmados por el pa\u00eds.<\/span><\/div>\n<\/p><\/div>\n<\/p><\/div>\n<div class=\"panel panel-default\">\n<div class=\"panel-heading\">\n<h4 class=\"panel-title collapsed\" href=\"#collapse2\" data-toggle=\"collapse\" aria-expanded=\"false\"><strong><span style=\"color: #808080;\">Certificaci\u00f3n<\/span><\/strong><\/h4>\n<\/p><\/div>\n<div id=\"collapse2\" class=\"panel-collapse collapse\">\n<div class=\"panel-body\"><span style=\"color: #808080;\">Un equipo dedicado a la gesti\u00f3n de vistos buenos ante el ISP y SEREMI participan en el proceso de tramitacion de cargas que requieren certificaci\u00f3n del Servicio de Salud.<\/span><br \/>\n    <span style=\"color: #808080;\">Para el \u00e1rea exportaciones, existe un equipo especializado con amplia experiencia y conocimientos en la confecci\u00f3n de certificados de origen.<\/span><\/div>\n<\/p><\/div>\n<\/p><\/div>\n<div class=\"panel panel-default\">\n<div class=\"panel-heading\">\n<h4 class=\"panel-title collapsed\" href=\"#collapse3\" data-toggle=\"collapse\" aria-expanded=\"false\"><strong><span style=\"color: #808080;\">Gestor Documental Docux<\/span><\/strong><\/h4>\n<\/p><\/div>\n<div id=\"collapse3\" class=\"panel-collapse collapse\">\n<div class=\"panel-body\"><span style=\"color: #808080;\">Sistema de gesti\u00f3n documental, el cual se encuentra integrado en nuestra plataforma SLI, formando la Carpeta Electr\u00f3nica del despacho. Tiene como objetivo digitalizar la documentaci\u00f3n del despacho, mejorar la trazabilidad del proceso y dar acceso a los documentos desde un lugar compartido y seguro.<\/span><\/div>\n<\/p><\/div>\n<div class=\"panel-heading\">\n<h4 class=\"panel-title collapsed\" href=\"#collapse4\" data-toggle=\"collapse\" aria-expanded=\"false\"><strong><span style=\"color: #808080;\">Personal &#8220;In House&#8221;<\/span><\/strong><\/h4>\n<\/p><\/div>\n<div id=\"collapse4\" class=\"panel-collapse collapse\">\n<div class=\"panel-body\"><span style=\"color: #808080;\">Personal contratado por Agencia Stein, el cual se ubica en las oficinas del cliente, desarrollando funciones directas de Comercio Exterior, brindando una atenci\u00f3n personalizada y dedicaci\u00f3n exclusiva a la cuenta. Con la inclusi\u00f3n de este recurso se beneficia directamente la ejecuci\u00f3n de las operaciones, logrando una comunicaci\u00f3n directa con el cliente, con el fin de lograr mayor autonom\u00eda y conocimiento de los procesos internos del cliente, alcanzando mayor eficiencia en los procesos. <\/span><\/div>\n<\/p><\/div>\n<\/p><\/div>\n<\/p><\/div>\n<\/p><\/div>\n<\/p><\/div>\n<\/p><\/div>\n<\/p><\/div>\n<\/p><\/div>\n<\/section>\n","protected":false},"excerpt":{"rendered":"<p>Devoluciones de derechos Un equipo t\u00e9cnico-ejecutivo con dedicaci\u00f3n exclusiva asume esta tarea cumpliendo las normativas aduaneras de los distintos TLC y Acuerdos firmados por el pa\u00eds. Certificaci\u00f3n Un equipo dedicado a la gesti\u00f3n de vistos buenos ante el ISP y SEREMI participan en el proceso de tramitacion de cargas que requieren certificaci\u00f3n del Servicio de [&hellip;]<\/p>\n","protected":false},"author":1,"featured_media":0,"parent":41,"menu_order":0,"comment_status":"closed","ping_status":"closed","template":"","meta":{"_acf_changed":false,"footnotes":""},"acf":[],"_links":{"self":[{"href":"https:\/\/www.stein.cl\/index.php\/wp-json\/wp\/v2\/pages\/136"}],"collection":[{"href":"https:\/\/www.stein.cl\/index.php\/wp-json\/wp\/v2\/pages"}],"about":[{"href":"https:\/\/www.stein.cl\/index.php\/wp-json\/wp\/v2\/types\/page"}],"author":[{"embeddable":true,"href":"https:\/\/www.stein.cl\/index.php\/wp-json\/wp\/v2\/users\/1"}],"replies":[{"embeddable":true,"href":"https:\/\/www.stein.cl\/index.php\/wp-json\/wp\/v2\/comments?post=136"}],"version-history":[{"count":18,"href":"https:\/\/www.stein.cl\/index.php\/wp-json\/wp\/v2\/pages\/136\/revisions"}],"predecessor-version":[{"id":1804,"href":"https:\/\/www.stein.cl\/index.php\/wp-json\/wp\/v2\/pages\/136\/revisions\/1804"}],"up":[{"embeddable":true,"href":"https:\/\/www.stein.cl\/index.php\/wp-json\/wp\/v2\/pages\/41"}],"wp:attachment":[{"href":"https:\/\/www.stein.cl\/index.php\/wp-json\/wp\/v2\/media?parent=136"}],"curies":[{"name":"wp","href":"https:\/\/api.w.org\/{rel}","templated":true}]}}