{"id":128,"date":"2018-09-07T16:45:39","date_gmt":"2018-09-07T16:45:39","guid":{"rendered":"http:\/\/www.stein.cl\/?page_id=128"},"modified":"2019-01-21T14:35:42","modified_gmt":"2019-01-21T14:35:42","slug":"gestion-integral","status":"publish","type":"page","link":"https:\/\/www.stein.cl\/index.php\/servicios\/gestion-integral\/","title":{"rendered":"GESTION INTEGRAL"},"content":{"rendered":"<p>&nbsp;<\/p>\n<section class=\"sasesoria\">\n<div class=\"fullimgbg1\">\n<div class=\"opacioverimg\">\n<div class=\"title\"><\/div>\n<div class=\"d-flex justify-content-center\">\n<div class=\"col-sm-7 \">\n<div class=\"innasesoria\">Como aliado estrat\u00e9gico de tu empresa, disponemos de profesionales de primera l\u00ednea que avanzan siempre junto a ti de manera coordinada en todas las etapas de cada operaci\u00f3n, contando con los recursos necesarios, la infraestructura adecuada y facilidades tecnol\u00f3gicas de \u00fatima generaci\u00f3n para brindar una gesti\u00f3n verdaderamente integral en toda la cadena de valor desde el requerimiento inicial y hasta la entrega de la carga.<\/div>\n<\/div>\n<\/div>\n<\/div>\n<\/div>\n<\/section>\n<section class=\"sasesoria sectioncomun1\">\n<div class=\"\">\n<div class=\"text-center\">\n<div class=\"row container mx-auto\">\n<div class=\"col-12 mx-3 mx-md-auto col-md-12\">\n<div class=\"panel-group\" id=\"accordion\">\n<div class=\"panel panel-default\">\n<div class=\"panel-heading\">\n        <a class=\"collapsed\" data-toggle=\"collapse\" data-parent=\"#accordion\" href=\"#collapse1\"><\/p>\n<h4 class=\"panel-title\">S\u00f3lo de esta forma logramos agregar valor a tu gesti\u00f3n y tambi\u00e9n a la nuestra.<\/h4>\n<p><\/a>\n      <\/div>\n<div id=\"collapse1\" class=\"panel-collapse collapse\">\n<div class=\"panel-body\">Tramitaciones aduaneras en toda su gama de complejidades son parte de nuestro d\u00eda a d\u00eda: mercanc\u00edas bajo Almacen Particular (DAPI), Mercanc\u00edas con programaci\u00f3n de salida y reingreso (Admisiones y Salidas Temporales), as\u00ed como tambi\u00e9n Importaciones y Exportaciones.<\/div>\n<\/p><\/div>\n<\/p><\/div>\n<div class=\"panel panel-default\">\n<div class=\"panel-heading\">\n        <a class=\"collapsed\" data-toggle=\"collapse\" data-parent=\"#accordion\" href=\"#collapse2\"><\/p>\n<h4 class=\"panel-title\">Gesti\u00f3n integral para nosotros tambi\u00e9n significa de gesti\u00f3n veloz.<\/h4>\n<p><\/a>\n      <\/div>\n<div id=\"collapse2\" class=\"panel-collapse collapse\">\n<div class=\"panel-body\">Por eso detr\u00e1s de cada tr\u00e1mite, nuestra misi\u00f3n tambi\u00e9n es agilizar los procesos con operaciones anticipadas que nos permiten adelantarnos a cualquier contratiempo en operaciones a\u00e9reas y cargas mar\u00edtimas evitando con ello costos adicionales que pueden encarecer tus productos por retenci\u00f3n de mercanc\u00edas.<br \/>\n        Y en la pr\u00e1ctica, frente a cargas a\u00e9reas con tiempo m\u00e1ximo de retiro de 4 hrs, anticipamos la operaci\u00f3n de toda la documentaci\u00f3n base y tambi\u00e9n provisionamos fondos para pagos inmediatos en la gesti\u00f3n de gu\u00edas a\u00e9reas y su enlace oportuno con Aduana y Tesorer\u00eda.<br \/>\n        En el caso mar\u00edtimo, la rapidez en la entrega depende directamente de la Gobernaci\u00f3n Mar\u00edtima, que establece un promedio entre 48 y 72 horas, en donde el retiro de cargas tambi\u00e9n se realiza con protocolo de gesti\u00f3n anticipada.<br \/>\n        Sumado a ello, la presencia estrat\u00e9gica de sucursales Stein en los prinicipales puertos y aeropuertos del pa\u00eds, incide a\u00fan m\u00e1s el grado de eficiencia de nuestras operaciones, y sus positivas consecuencias en el ahorro de costos adicionales en nuestros clientes.<\/div>\n<\/p><\/div>\n<\/p><\/div>\n<\/p><\/div>\n<\/div>\n<\/div>\n<\/div>\n<\/div>\n<\/section>\n","protected":false},"excerpt":{"rendered":"<p>&nbsp; Como aliado estrat\u00e9gico de tu empresa, disponemos de profesionales de primera l\u00ednea que avanzan siempre junto a ti de manera coordinada en todas las etapas de cada operaci\u00f3n, contando con los recursos necesarios, la infraestructura adecuada y facilidades tecnol\u00f3gicas de \u00fatima generaci\u00f3n para brindar una gesti\u00f3n verdaderamente integral en toda la cadena de valor [&hellip;]<\/p>\n","protected":false},"author":1,"featured_media":0,"parent":41,"menu_order":0,"comment_status":"closed","ping_status":"closed","template":"","meta":{"footnotes":""},"acf":[],"_links":{"self":[{"href":"https:\/\/www.stein.cl\/index.php\/wp-json\/wp\/v2\/pages\/128"}],"collection":[{"href":"https:\/\/www.stein.cl\/index.php\/wp-json\/wp\/v2\/pages"}],"about":[{"href":"https:\/\/www.stein.cl\/index.php\/wp-json\/wp\/v2\/types\/page"}],"author":[{"embeddable":true,"href":"https:\/\/www.stein.cl\/index.php\/wp-json\/wp\/v2\/users\/1"}],"replies":[{"embeddable":true,"href":"https:\/\/www.stein.cl\/index.php\/wp-json\/wp\/v2\/comments?post=128"}],"version-history":[{"count":12,"href":"https:\/\/www.stein.cl\/index.php\/wp-json\/wp\/v2\/pages\/128\/revisions"}],"predecessor-version":[{"id":293,"href":"https:\/\/www.stein.cl\/index.php\/wp-json\/wp\/v2\/pages\/128\/revisions\/293"}],"up":[{"embeddable":true,"href":"https:\/\/www.stein.cl\/index.php\/wp-json\/wp\/v2\/pages\/41"}],"wp:attachment":[{"href":"https:\/\/www.stein.cl\/index.php\/wp-json\/wp\/v2\/media?parent=128"}],"curies":[{"name":"wp","href":"https:\/\/api.w.org\/{rel}","templated":true}]}}